{"id":47,"date":"2014-03-17T00:24:39","date_gmt":"2014-03-17T00:24:39","guid":{"rendered":"http:\/\/litoraldistribuidora.com\/?page_id=47"},"modified":"2024-06-19T23:01:26","modified_gmt":"2024-06-20T02:01:26","slug":"alimentos","status":"publish","type":"page","link":"https:\/\/litoral.uk\/en\/alimentos\/","title":{"rendered":"Food"},"content":{"rendered":"<p><a href=\"http:\/\/litoral.uk\/wp-content\/uploads\/2014\/03\/LITORAL-ALIMENTOS-LV.png\"><img fetchpriority=\"high\" decoding=\"async\" class=\"aligncenter wp-image-48 size-medium\" src=\"https:\/\/litoral.uk\/wp-content\/uploads\/2014\/03\/LITORAL-ALIMENTOS-LV-300x218.png\" alt=\"LITORAL-ALIMENTOS-LV\" width=\"300\" height=\"218\" srcset=\"https:\/\/litoral.uk\/wp-content\/uploads\/2014\/03\/LITORAL-ALIMENTOS-LV-300x218.png 300w, https:\/\/litoral.uk\/wp-content\/uploads\/2014\/03\/LITORAL-ALIMENTOS-LV-600x436.png 600w, https:\/\/litoral.uk\/wp-content\/uploads\/2014\/03\/LITORAL-ALIMENTOS-LV.png 978w\" sizes=\"(max-width: 300px) 100vw, 300px\" \/><\/a><\/p>\n<p>The food subdivision aims to supply products that originate mostly from the ocean, having a fully specialized structure for the domestic market. Through our partners throughout Brazil, we have the capacity to supply products in large quantities and continuously to our customers in the region where we operate.<\/p>\n<p><a href=\"http:\/\/litoraldistribuidora.com\/wp-content\/uploads\/2014\/03\/ATUM-TIPO-MERCADO-INTERNO-lv.jpg\">\u00a0<\/a><\/p>","protected":false},"excerpt":{"rendered":"<p>The food subdivision aims to supply products that originate mostly from the ocean, having a fully specialized structure for the domestic market. Through our partners throughout Brazil, we have the capacity to supply products in large quantities and continuously to our customers in the region where we operate. \u00a0<\/p>","protected":false},"author":1,"featured_media":194,"parent":0,"menu_order":0,"comment_status":"closed","ping_status":"closed","template":"","meta":{"footnotes":""},"class_list":["post-47","page","type-page","status-publish","has-post-thumbnail","hentry"],"yoast_head":"<!-- This site is optimized with the Yoast SEO plugin v27.6 - https:\/\/yoast.com\/product\/yoast-seo-wordpress\/ -->\n<title>Alimentos - Litoral Distribuidora<\/title>\n<meta name=\"robots\" content=\"index, follow, max-snippet:-1, max-image-preview:large, max-video-preview:-1\" \/>\n<link rel=\"canonical\" href=\"https:\/\/litoral.uk\/en\/alimentos\/\" \/>\n<meta property=\"og:locale\" content=\"en_US\" \/>\n<meta property=\"og:type\" content=\"article\" \/>\n<meta property=\"og:title\" content=\"Alimentos - Litoral Distribuidora\" \/>\n<meta property=\"og:description\" content=\"A subdivis\u00e3o de alimentos tem como meta fornecer produtos origin\u00e1rios em sua maior parte do oceano tendo uma estrutura totalmente especializada para o mercado interno, temos atrav\u00e9s de nossos parceiros em todo o Brasil a capacidade de fornecer produtos em grande quantidade e de forma continua para os nossos clientes na regi\u00e3o onde atuamos. \u00a0\" \/>\n<meta property=\"og:url\" content=\"https:\/\/litoral.uk\/en\/alimentos\/\" \/>\n<meta property=\"og:site_name\" content=\"Litoral Distribuidora\" \/>\n<meta property=\"article:modified_time\" content=\"2024-06-20T02:01:26+00:00\" \/>\n<meta property=\"og:image\" content=\"https:\/\/litoral.uk\/wp-content\/uploads\/2017\/06\/BIFE-ATUM-2.jpg\" \/>\n\t<meta property=\"og:image:width\" content=\"277\" \/>\n\t<meta property=\"og:image:height\" content=\"182\" \/>\n\t<meta property=\"og:image:type\" content=\"image\/jpeg\" \/>\n<meta name=\"twitter:label1\" content=\"Est. reading time\" \/>\n\t<meta name=\"twitter:data1\" content=\"1 minute\" \/>\n<script type=\"application\/ld+json\" class=\"yoast-schema-graph\">{\"@context\":\"https:\\\/\\\/schema.org\",\"@graph\":[{\"@type\":\"WebPage\",\"@id\":\"https:\\\/\\\/litoral.uk\\\/alimentos\\\/\",\"url\":\"https:\\\/\\\/litoral.uk\\\/alimentos\\\/\",\"name\":\"Alimentos - Litoral Distribuidora\",\"isPartOf\":{\"@id\":\"https:\\\/\\\/litoral.uk\\\/#website\"},\"primaryImageOfPage\":{\"@id\":\"https:\\\/\\\/litoral.uk\\\/alimentos\\\/#primaryimage\"},\"image\":{\"@id\":\"https:\\\/\\\/litoral.uk\\\/alimentos\\\/#primaryimage\"},\"thumbnailUrl\":\"https:\\\/\\\/litoral.uk\\\/wp-content\\\/uploads\\\/2017\\\/06\\\/BIFE-ATUM-2.jpg\",\"datePublished\":\"2014-03-17T00:24:39+00:00\",\"dateModified\":\"2024-06-20T02:01:26+00:00\",\"breadcrumb\":{\"@id\":\"https:\\\/\\\/litoral.uk\\\/alimentos\\\/#breadcrumb\"},\"inLanguage\":\"en-US\",\"potentialAction\":[{\"@type\":\"ReadAction\",\"target\":[\"https:\\\/\\\/litoral.uk\\\/alimentos\\\/\"]}]},{\"@type\":\"ImageObject\",\"inLanguage\":\"en-US\",\"@id\":\"https:\\\/\\\/litoral.uk\\\/alimentos\\\/#primaryimage\",\"url\":\"https:\\\/\\\/litoral.uk\\\/wp-content\\\/uploads\\\/2017\\\/06\\\/BIFE-ATUM-2.jpg\",\"contentUrl\":\"https:\\\/\\\/litoral.uk\\\/wp-content\\\/uploads\\\/2017\\\/06\\\/BIFE-ATUM-2.jpg\",\"width\":277,\"height\":182},{\"@type\":\"BreadcrumbList\",\"@id\":\"https:\\\/\\\/litoral.uk\\\/alimentos\\\/#breadcrumb\",\"itemListElement\":[{\"@type\":\"ListItem\",\"position\":1,\"name\":\"In\u00edcio\",\"item\":\"https:\\\/\\\/litoral.uk\\\/\"},{\"@type\":\"ListItem\",\"position\":2,\"name\":\"Alimentos\"}]},{\"@type\":\"WebSite\",\"@id\":\"https:\\\/\\\/litoral.uk\\\/#website\",\"url\":\"https:\\\/\\\/litoral.uk\\\/\",\"name\":\"Litoral Distribuidora\",\"description\":\"Fornecendo Qualidade e Tecnologia\",\"publisher\":{\"@id\":\"https:\\\/\\\/litoral.uk\\\/#organization\"},\"potentialAction\":[{\"@type\":\"SearchAction\",\"target\":{\"@type\":\"EntryPoint\",\"urlTemplate\":\"https:\\\/\\\/litoral.uk\\\/?s={search_term_string}\"},\"query-input\":{\"@type\":\"PropertyValueSpecification\",\"valueRequired\":true,\"valueName\":\"search_term_string\"}}],\"inLanguage\":\"en-US\"},{\"@type\":\"Organization\",\"@id\":\"https:\\\/\\\/litoral.uk\\\/#organization\",\"name\":\"Litoral Distribuidora\",\"url\":\"https:\\\/\\\/litoral.uk\\\/\",\"logo\":{\"@type\":\"ImageObject\",\"inLanguage\":\"en-US\",\"@id\":\"https:\\\/\\\/litoral.uk\\\/#\\\/schema\\\/logo\\\/image\\\/\",\"url\":\"https:\\\/\\\/litoraldistribuidora.net\\\/wp-content\\\/uploads\\\/2013\\\/01\\\/cropped-logo-2013-lv.png\",\"contentUrl\":\"https:\\\/\\\/litoraldistribuidora.net\\\/wp-content\\\/uploads\\\/2013\\\/01\\\/cropped-logo-2013-lv.png\",\"width\":1000,\"height\":200,\"caption\":\"Litoral Distribuidora\"},\"image\":{\"@id\":\"https:\\\/\\\/litoral.uk\\\/#\\\/schema\\\/logo\\\/image\\\/\"}}]}<\/script>\n<!-- \/ Yoast SEO plugin. -->","yoast_head_json":{"title":"Food - Litoral Distribuidora","robots":{"index":"index","follow":"follow","max-snippet":"max-snippet:-1","max-image-preview":"max-image-preview:large","max-video-preview":"max-video-preview:-1"},"canonical":"https:\/\/litoral.uk\/en\/alimentos\/","og_locale":"en_US","og_type":"article","og_title":"Alimentos - Litoral Distribuidora","og_description":"A subdivis\u00e3o de alimentos tem como meta fornecer produtos origin\u00e1rios em sua maior parte do oceano tendo uma estrutura totalmente especializada para o mercado interno, temos atrav\u00e9s de nossos parceiros em todo o Brasil a capacidade de fornecer produtos em grande quantidade e de forma continua para os nossos clientes na regi\u00e3o onde atuamos. \u00a0","og_url":"https:\/\/litoral.uk\/en\/alimentos\/","og_site_name":"Litoral Distribuidora","article_modified_time":"2024-06-20T02:01:26+00:00","og_image":[{"width":277,"height":182,"url":"https:\/\/litoral.uk\/wp-content\/uploads\/2017\/06\/BIFE-ATUM-2.jpg","type":"image\/jpeg"}],"twitter_misc":{"Est. reading time":"1 minute"},"schema":{"@context":"https:\/\/schema.org","@graph":[{"@type":"WebPage","@id":"https:\/\/litoral.uk\/alimentos\/","url":"https:\/\/litoral.uk\/alimentos\/","name":"Food - Litoral Distribuidora","isPartOf":{"@id":"https:\/\/litoral.uk\/#website"},"primaryImageOfPage":{"@id":"https:\/\/litoral.uk\/alimentos\/#primaryimage"},"image":{"@id":"https:\/\/litoral.uk\/alimentos\/#primaryimage"},"thumbnailUrl":"https:\/\/litoral.uk\/wp-content\/uploads\/2017\/06\/BIFE-ATUM-2.jpg","datePublished":"2014-03-17T00:24:39+00:00","dateModified":"2024-06-20T02:01:26+00:00","breadcrumb":{"@id":"https:\/\/litoral.uk\/alimentos\/#breadcrumb"},"inLanguage":"en-US","potentialAction":[{"@type":"ReadAction","target":["https:\/\/litoral.uk\/alimentos\/"]}]},{"@type":"ImageObject","inLanguage":"en-US","@id":"https:\/\/litoral.uk\/alimentos\/#primaryimage","url":"https:\/\/litoral.uk\/wp-content\/uploads\/2017\/06\/BIFE-ATUM-2.jpg","contentUrl":"https:\/\/litoral.uk\/wp-content\/uploads\/2017\/06\/BIFE-ATUM-2.jpg","width":277,"height":182},{"@type":"BreadcrumbList","@id":"https:\/\/litoral.uk\/alimentos\/#breadcrumb","itemListElement":[{"@type":"ListItem","position":1,"name":"In\u00edcio","item":"https:\/\/litoral.uk\/"},{"@type":"ListItem","position":2,"name":"Alimentos"}]},{"@type":"WebSite","@id":"https:\/\/litoral.uk\/#website","url":"https:\/\/litoral.uk\/","name":"Litoral Distributor","description":"Providing Quality and Technology","publisher":{"@id":"https:\/\/litoral.uk\/#organization"},"potentialAction":[{"@type":"SearchAction","target":{"@type":"EntryPoint","urlTemplate":"https:\/\/litoral.uk\/?s={search_term_string}"},"query-input":{"@type":"PropertyValueSpecification","valueRequired":true,"valueName":"search_term_string"}}],"inLanguage":"en-US"},{"@type":"Organization","@id":"https:\/\/litoral.uk\/#organization","name":"Litoral Distributor","url":"https:\/\/litoral.uk\/","logo":{"@type":"ImageObject","inLanguage":"en-US","@id":"https:\/\/litoral.uk\/#\/schema\/logo\/image\/","url":"https:\/\/litoraldistribuidora.net\/wp-content\/uploads\/2013\/01\/cropped-logo-2013-lv.png","contentUrl":"https:\/\/litoraldistribuidora.net\/wp-content\/uploads\/2013\/01\/cropped-logo-2013-lv.png","width":1000,"height":200,"caption":"Litoral Distribuidora"},"image":{"@id":"https:\/\/litoral.uk\/#\/schema\/logo\/image\/"}}]}},"_links":{"self":[{"href":"https:\/\/litoral.uk\/en\/wp-json\/wp\/v2\/pages\/47","targetHints":{"allow":["GET"]}}],"collection":[{"href":"https:\/\/litoral.uk\/en\/wp-json\/wp\/v2\/pages"}],"about":[{"href":"https:\/\/litoral.uk\/en\/wp-json\/wp\/v2\/types\/page"}],"author":[{"embeddable":true,"href":"https:\/\/litoral.uk\/en\/wp-json\/wp\/v2\/users\/1"}],"replies":[{"embeddable":true,"href":"https:\/\/litoral.uk\/en\/wp-json\/wp\/v2\/comments?post=47"}],"version-history":[{"count":7,"href":"https:\/\/litoral.uk\/en\/wp-json\/wp\/v2\/pages\/47\/revisions"}],"predecessor-version":[{"id":466,"href":"https:\/\/litoral.uk\/en\/wp-json\/wp\/v2\/pages\/47\/revisions\/466"}],"wp:featuredmedia":[{"embeddable":true,"href":"https:\/\/litoral.uk\/en\/wp-json\/wp\/v2\/media\/194"}],"wp:attachment":[{"href":"https:\/\/litoral.uk\/en\/wp-json\/wp\/v2\/media?parent=47"}],"curies":[{"name":"wp","href":"https:\/\/api.w.org\/{rel}","templated":true}]}}