{"id":213,"date":"2018-07-10T09:19:53","date_gmt":"2018-07-10T12:19:53","guid":{"rendered":"http:\/\/litoraldistribuidora.com\/?page_id=213"},"modified":"2018-07-10T09:24:17","modified_gmt":"2018-07-10T12:24:17","slug":"cnpj","status":"publish","type":"page","link":"https:\/\/litoral.uk\/en\/cnpj\/","title":{"rendered":"CNPJ"},"content":{"rendered":"<p>&nbsp;<\/p>\n<table class=\"table table-bordered\">\n<tbody>\n<tr>\n<td class=\"active\">CNPJ<\/td>\n<td><b>08.971.193\/0001-30<\/b><\/td>\n<td class=\"active\">State Registration:<\/td>\n<td><b>16.157.311-8<\/b><\/td>\n<\/tr>\n<tr>\n<td class=\"active\">Company Name:<\/td>\n<td colspan=\"3\"><b>LITORAL TRADING OF FISHING PRODUCTS AND INFORMATICS LTDA ME<\/b><\/td>\n<\/tr>\n<tr>\n<td class=\"active\">Street:<\/td>\n<td colspan=\"3\"><b>R JOSE ALVES DE OLIVEIRA<\/b><\/td>\n<\/tr>\n<tr>\n<td class=\"active\">Number:<\/td>\n<td><b>710-B<\/b><\/td>\n<td class=\"active\">Complement:<\/td>\n<td><b>FORMOSA CITY LOT<\/b><\/td>\n<\/tr>\n<tr>\n<td class=\"active\">Neighborhood:<\/td>\n<td colspan=\"3\"><b>CENTER<\/b><\/td>\n<\/tr>\n<tr>\n<td class=\"active\">Municipality:<\/td>\n<td><b>HAIRDRESS<\/b><\/td>\n<td class=\"active\">State:<\/td>\n<td><b>PB<\/b><\/td>\n<\/tr>\n<tr>\n<td class=\"active\">ZIP Code:<\/td>\n<td><b>58103-152<\/b><\/td>\n<td class=\"active\">Telephone:<\/td>\n<td><b>(83)4105-0660<\/b><\/td>\n<\/tr>\n<tr>\n<td class=\"active\">Economic Activity:<\/td>\n<td colspan=\"3\"><b>4763-6\/04-RETAIL TRADE OF HUNTING, FISHING AND CAMPING ARTICLES (ICMS)<br \/>\n<\/b><b>4763-6\/04-RETAIL TRADE OF HUNTING, FISHING AND CAMPING ARTICLES (Main)<br \/>\n<\/b><b>6319-4\/00-PORTALS, CONTENT PROVIDERS AND OTHER INFORMATION SERVICES ON THE INTERNET (Secondary)<br \/>\n<\/b><b>8599-6\/03-COMPUTER TRAINING (Secondary)<br \/>\n<\/b><b>6311-9\/00-DATA PROCESSING, APPLICATION SERVICE PROVIDERS AND INTERNET HOSTING SERVICES (Secondary)<br \/>\n<\/b><b>4751-2\/01-SPECIALIZED RETAIL TRADE OF COMPUTER EQUIPMENT AND SUPPLIES (Secondary)<br \/>\n<\/b><b>4784-9\/00-RETAIL TRADE OF LIQUEFIED PETROLEUM GAS (LPG) (Secondary)<br \/>\n<\/b><b>4755-5\/02-RETAIL TRADE OF HARDWARE ARTICLES (Secondary)<br \/>\n<\/b><b>4712-1\/00-RETAIL TRADE OF GOODS IN GENERAL, WITH PREDOMINANCE OF FOOD PRODUCTS MINIMARKETS, GROCERY STORES AND WAREHOUSES (Secondary)<br \/>\n<\/b><\/td>\n<\/tr>\n<tr>\n<td class=\"active\">Payment Regime:<\/td>\n<td colspan=\"3\"><b>SIMPLE NATIONAL<\/b><\/td>\n<\/tr>\n<tr>\n<td class=\"active\">Current Registration Status:<\/td>\n<td colspan=\"3\"><b>Enabled<\/b><\/td>\n<\/tr>\n<tr>\n<td class=\"active\">Date of Last Registration Update:<\/td>\n<td colspan=\"3\"><b>26\/07\/2008<\/b><\/td>\n<\/tr>\n<\/tbody>\n<\/table>\n<div class=\"well well-sm\"><\/div>","protected":false},"excerpt":{"rendered":"<p>&nbsp; CNPJ 08.971.193\/0001-30 State Registration: 16.157.311-8 Business Name: LITORAL COMERCIO DE PRODUTOS DE PESCA E INFORMATICA LTDA ME Street: R JOSE ALVES DE OLIVEIRA Number: 710-B Complement: LOT CIDADE FORMOSA Neighborhood: CENTRO Municipality: CABEDELO State: PB Postal Code: 58103-152 Telephone: (83)4105-0660 Economic Activity: 4763-6\/04-RETAIL TRADE OF HUNTING, FISHING AND CAMPING ARTICLES (ICMS) 4763-6\/04-RETAIL TRADE OF\u2026<\/p>","protected":false},"author":1,"featured_media":0,"parent":0,"menu_order":0,"comment_status":"closed","ping_status":"closed","template":"","meta":{"footnotes":""},"class_list":["post-213","page","type-page","status-publish","hentry"],"yoast_head":"<!-- This site is optimized with the Yoast SEO plugin v27.5 - https:\/\/yoast.com\/product\/yoast-seo-wordpress\/ -->\n<title>CNPJ - Litoral Distribuidora<\/title>\n<meta name=\"robots\" content=\"index, follow, max-snippet:-1, max-image-preview:large, max-video-preview:-1\" \/>\n<link rel=\"canonical\" href=\"https:\/\/litoral.uk\/en\/cnpj\/\" \/>\n<meta property=\"og:locale\" content=\"en_US\" \/>\n<meta property=\"og:type\" content=\"article\" \/>\n<meta property=\"og:title\" content=\"CNPJ - Litoral Distribuidora\" \/>\n<meta property=\"og:description\" content=\"&nbsp; CNPJ 08.971.193\/0001-30 Inscri\u00e7\u00e3o Estadual: 16.157.311-8 Raz\u00e3o Social: LITORAL COMERCIO DE PRODUTOS DE PESCA E INFORMATICA LTDA ME Logradouro: R JOSE ALVES DE OLIVEIRA N\u00famero: 710-B Complemento: LOTE CIDADE FORMOSA Bairro: CENTRO Munic\u00edpio: CABEDELO UF: PB CEP: 58103-152 Telefone: (83)4105-0660 Atividade Econ\u00f4mica: 4763-6\/04-COMERCIO VAREJISTA DE ARTIGOS DE CACA, PESCA E CAMPING (ICMS) 4763-6\/04-COMERCIO VAREJISTA DE&hellip;\" \/>\n<meta property=\"og:url\" content=\"https:\/\/litoral.uk\/en\/cnpj\/\" \/>\n<meta property=\"og:site_name\" content=\"Litoral Distribuidora\" \/>\n<meta property=\"article:modified_time\" content=\"2018-07-10T12:24:17+00:00\" \/>\n<meta name=\"twitter:label1\" content=\"Est. reading time\" \/>\n\t<meta name=\"twitter:data1\" content=\"1 minute\" \/>\n<script type=\"application\/ld+json\" class=\"yoast-schema-graph\">{\"@context\":\"https:\\\/\\\/schema.org\",\"@graph\":[{\"@type\":\"WebPage\",\"@id\":\"https:\\\/\\\/litoral.uk\\\/cnpj\\\/\",\"url\":\"https:\\\/\\\/litoral.uk\\\/cnpj\\\/\",\"name\":\"CNPJ - Litoral Distribuidora\",\"isPartOf\":{\"@id\":\"https:\\\/\\\/litoral.uk\\\/#website\"},\"datePublished\":\"2018-07-10T12:19:53+00:00\",\"dateModified\":\"2018-07-10T12:24:17+00:00\",\"breadcrumb\":{\"@id\":\"https:\\\/\\\/litoral.uk\\\/cnpj\\\/#breadcrumb\"},\"inLanguage\":\"en-US\",\"potentialAction\":[{\"@type\":\"ReadAction\",\"target\":[\"https:\\\/\\\/litoral.uk\\\/cnpj\\\/\"]}]},{\"@type\":\"BreadcrumbList\",\"@id\":\"https:\\\/\\\/litoral.uk\\\/cnpj\\\/#breadcrumb\",\"itemListElement\":[{\"@type\":\"ListItem\",\"position\":1,\"name\":\"In\u00edcio\",\"item\":\"https:\\\/\\\/litoral.uk\\\/\"},{\"@type\":\"ListItem\",\"position\":2,\"name\":\"CNPJ\"}]},{\"@type\":\"WebSite\",\"@id\":\"https:\\\/\\\/litoral.uk\\\/#website\",\"url\":\"https:\\\/\\\/litoral.uk\\\/\",\"name\":\"Litoral Distribuidora\",\"description\":\"Fornecendo Qualidade e Tecnologia\",\"publisher\":{\"@id\":\"https:\\\/\\\/litoral.uk\\\/#organization\"},\"potentialAction\":[{\"@type\":\"SearchAction\",\"target\":{\"@type\":\"EntryPoint\",\"urlTemplate\":\"https:\\\/\\\/litoral.uk\\\/?s={search_term_string}\"},\"query-input\":{\"@type\":\"PropertyValueSpecification\",\"valueRequired\":true,\"valueName\":\"search_term_string\"}}],\"inLanguage\":\"en-US\"},{\"@type\":\"Organization\",\"@id\":\"https:\\\/\\\/litoral.uk\\\/#organization\",\"name\":\"Litoral Distribuidora\",\"url\":\"https:\\\/\\\/litoral.uk\\\/\",\"logo\":{\"@type\":\"ImageObject\",\"inLanguage\":\"en-US\",\"@id\":\"https:\\\/\\\/litoral.uk\\\/#\\\/schema\\\/logo\\\/image\\\/\",\"url\":\"https:\\\/\\\/litoraldistribuidora.net\\\/wp-content\\\/uploads\\\/2013\\\/01\\\/cropped-logo-2013-lv.png\",\"contentUrl\":\"https:\\\/\\\/litoraldistribuidora.net\\\/wp-content\\\/uploads\\\/2013\\\/01\\\/cropped-logo-2013-lv.png\",\"width\":1000,\"height\":200,\"caption\":\"Litoral Distribuidora\"},\"image\":{\"@id\":\"https:\\\/\\\/litoral.uk\\\/#\\\/schema\\\/logo\\\/image\\\/\"}}]}<\/script>\n<!-- \/ Yoast SEO plugin. -->","yoast_head_json":{"title":"CNPJ - Litoral Distribuidora","robots":{"index":"index","follow":"follow","max-snippet":"max-snippet:-1","max-image-preview":"max-image-preview:large","max-video-preview":"max-video-preview:-1"},"canonical":"https:\/\/litoral.uk\/en\/cnpj\/","og_locale":"en_US","og_type":"article","og_title":"CNPJ - Litoral Distribuidora","og_description":"&nbsp; CNPJ 08.971.193\/0001-30 Inscri\u00e7\u00e3o Estadual: 16.157.311-8 Raz\u00e3o Social: LITORAL COMERCIO DE PRODUTOS DE PESCA E INFORMATICA LTDA ME Logradouro: R JOSE ALVES DE OLIVEIRA N\u00famero: 710-B Complemento: LOTE CIDADE FORMOSA Bairro: CENTRO Munic\u00edpio: CABEDELO UF: PB CEP: 58103-152 Telefone: (83)4105-0660 Atividade Econ\u00f4mica: 4763-6\/04-COMERCIO VAREJISTA DE ARTIGOS DE CACA, PESCA E CAMPING (ICMS) 4763-6\/04-COMERCIO VAREJISTA DE&hellip;","og_url":"https:\/\/litoral.uk\/en\/cnpj\/","og_site_name":"Litoral Distribuidora","article_modified_time":"2018-07-10T12:24:17+00:00","twitter_misc":{"Est. reading time":"1 minute"},"schema":{"@context":"https:\/\/schema.org","@graph":[{"@type":"WebPage","@id":"https:\/\/litoral.uk\/cnpj\/","url":"https:\/\/litoral.uk\/cnpj\/","name":"CNPJ - Litoral Distribuidora","isPartOf":{"@id":"https:\/\/litoral.uk\/#website"},"datePublished":"2018-07-10T12:19:53+00:00","dateModified":"2018-07-10T12:24:17+00:00","breadcrumb":{"@id":"https:\/\/litoral.uk\/cnpj\/#breadcrumb"},"inLanguage":"en-US","potentialAction":[{"@type":"ReadAction","target":["https:\/\/litoral.uk\/cnpj\/"]}]},{"@type":"BreadcrumbList","@id":"https:\/\/litoral.uk\/cnpj\/#breadcrumb","itemListElement":[{"@type":"ListItem","position":1,"name":"In\u00edcio","item":"https:\/\/litoral.uk\/"},{"@type":"ListItem","position":2,"name":"CNPJ"}]},{"@type":"WebSite","@id":"https:\/\/litoral.uk\/#website","url":"https:\/\/litoral.uk\/","name":"Litoral Distributor","description":"Providing Quality and Technology","publisher":{"@id":"https:\/\/litoral.uk\/#organization"},"potentialAction":[{"@type":"SearchAction","target":{"@type":"EntryPoint","urlTemplate":"https:\/\/litoral.uk\/?s={search_term_string}"},"query-input":{"@type":"PropertyValueSpecification","valueRequired":true,"valueName":"search_term_string"}}],"inLanguage":"en-US"},{"@type":"Organization","@id":"https:\/\/litoral.uk\/#organization","name":"Litoral Distributor","url":"https:\/\/litoral.uk\/","logo":{"@type":"ImageObject","inLanguage":"en-US","@id":"https:\/\/litoral.uk\/#\/schema\/logo\/image\/","url":"https:\/\/litoraldistribuidora.net\/wp-content\/uploads\/2013\/01\/cropped-logo-2013-lv.png","contentUrl":"https:\/\/litoraldistribuidora.net\/wp-content\/uploads\/2013\/01\/cropped-logo-2013-lv.png","width":1000,"height":200,"caption":"Litoral Distribuidora"},"image":{"@id":"https:\/\/litoral.uk\/#\/schema\/logo\/image\/"}}]}},"_links":{"self":[{"href":"https:\/\/litoral.uk\/en\/wp-json\/wp\/v2\/pages\/213","targetHints":{"allow":["GET"]}}],"collection":[{"href":"https:\/\/litoral.uk\/en\/wp-json\/wp\/v2\/pages"}],"about":[{"href":"https:\/\/litoral.uk\/en\/wp-json\/wp\/v2\/types\/page"}],"author":[{"embeddable":true,"href":"https:\/\/litoral.uk\/en\/wp-json\/wp\/v2\/users\/1"}],"replies":[{"embeddable":true,"href":"https:\/\/litoral.uk\/en\/wp-json\/wp\/v2\/comments?post=213"}],"version-history":[{"count":6,"href":"https:\/\/litoral.uk\/en\/wp-json\/wp\/v2\/pages\/213\/revisions"}],"predecessor-version":[{"id":219,"href":"https:\/\/litoral.uk\/en\/wp-json\/wp\/v2\/pages\/213\/revisions\/219"}],"wp:attachment":[{"href":"https:\/\/litoral.uk\/en\/wp-json\/wp\/v2\/media?parent=213"}],"curies":[{"name":"wp","href":"https:\/\/api.w.org\/{rel}","templated":true}]}}