{"id":2,"date":"2013-01-02T14:35:13","date_gmt":"2013-01-02T14:35:13","guid":{"rendered":"http:\/\/litoral.us\/?page_id=2"},"modified":"2016-07-28T19:31:03","modified_gmt":"2016-07-28T22:31:03","slug":"quem-somos","status":"publish","type":"page","link":"https:\/\/litoral.uk\/en\/quem-somos\/","title":{"rendered":"Who We Are"},"content":{"rendered":"<p>Litoral Distribuidora is a company headquartered in the city of Cabedelo in Para\u00edba, with the objective of making available to the local and regional market the best products in the areas in which it operates, having through its suppliers the capacity to make available to its customers the best national and imported products.<\/p>\n<p><em><strong>MISSION<\/strong><\/em><\/p>\n<p><em>Make available to the local and regional market the best products in the sectors in which we are able to operate.<\/em><\/p>\n<p><em><strong>VISION<\/strong><\/em><\/p>\n<p><em>To become one of the largest companies in our region in terms of sales volume of products aimed at ocean fishing and information technology.<\/em><\/p>\n<p><em><strong>VALUES<\/strong><\/em><\/p>\n<p><em>Agility, safety, efficiency, respect, honesty, commitment and social responsibility.<\/em><\/p>\n<h2><strong>Organization chart<\/strong><\/h2>\n<ul>\n<li><strong>President (EDSP)<\/strong>\n<ul>\n<li>Executive Director (ISEDS)<\/li>\n<li>Financial Director (EDSP)\n<ul>\n<li>Business Manager (IZAP)<\/li>\n<\/ul>\n<\/li>\n<li>Commercial Director (INAP)\n<ul>\n<li>Sales Manager (MAP)<\/li>\n<\/ul>\n<\/li>\n<li>Human Resources Director (JAP)\n<ul>\n<li>Contributors (WGP)<\/li>\n<\/ul>\n<\/li>\n<\/ul>\n<\/li>\n<\/ul>\n<p>&nbsp;<\/p>\n<p>&nbsp;<\/p>\n<p>&nbsp;<\/p>","protected":false},"excerpt":{"rendered":"<p>Litoral Distribuidora is a company headquartered in the city of Cabedelo in Para\u00edba, with the objective of providing the local and regional market with the best products in the areas in which it operates, having through its suppliers the capacity to provide its customers with the best national and imported products. MISSION To provide the market with the best products\u2026<\/p>","protected":false},"author":1,"featured_media":0,"parent":0,"menu_order":0,"comment_status":"closed","ping_status":"closed","template":"","meta":{"footnotes":""},"class_list":["post-2","page","type-page","status-publish","hentry"],"yoast_head":"<!-- This site is optimized with the Yoast SEO plugin v27.3 - https:\/\/yoast.com\/product\/yoast-seo-wordpress\/ -->\n<title>Quem Somos - Litoral Distribuidora<\/title>\n<meta name=\"robots\" content=\"index, follow, max-snippet:-1, max-image-preview:large, max-video-preview:-1\" \/>\n<link rel=\"canonical\" href=\"https:\/\/litoral.uk\/en\/quem-somos\/\" \/>\n<meta property=\"og:locale\" content=\"en_US\" \/>\n<meta property=\"og:type\" content=\"article\" \/>\n<meta property=\"og:title\" content=\"Quem Somos - Litoral Distribuidora\" \/>\n<meta property=\"og:description\" content=\"A Litoral Distribuidora \u00e9 uma empresa com sede na cidade de Cabedelo na Para\u00edba, tendo como objetivo disponibilizar para o mercado local e regional, os melhores produtos nas \u00e1reas as quais atua, tendo atrav\u00e9s de seus fornecedores a capacidade de disponibilizar para seus clientes o melhores produtos nacionais e importados. MISS\u00c3O Disponibilizar para o mercado&hellip;\" \/>\n<meta property=\"og:url\" content=\"https:\/\/litoral.uk\/en\/quem-somos\/\" \/>\n<meta property=\"og:site_name\" content=\"Litoral Distribuidora\" \/>\n<meta property=\"article:modified_time\" content=\"2016-07-28T22:31:03+00:00\" \/>\n<meta name=\"twitter:label1\" content=\"Est. reading time\" \/>\n\t<meta name=\"twitter:data1\" content=\"1 minute\" \/>\n<script type=\"application\/ld+json\" class=\"yoast-schema-graph\">{\"@context\":\"https:\\\/\\\/schema.org\",\"@graph\":[{\"@type\":\"WebPage\",\"@id\":\"https:\\\/\\\/litoral.uk\\\/quem-somos\\\/\",\"url\":\"https:\\\/\\\/litoral.uk\\\/quem-somos\\\/\",\"name\":\"Quem Somos - Litoral Distribuidora\",\"isPartOf\":{\"@id\":\"https:\\\/\\\/litoral.uk\\\/#website\"},\"datePublished\":\"2013-01-02T14:35:13+00:00\",\"dateModified\":\"2016-07-28T22:31:03+00:00\",\"breadcrumb\":{\"@id\":\"https:\\\/\\\/litoral.uk\\\/quem-somos\\\/#breadcrumb\"},\"inLanguage\":\"en-US\",\"potentialAction\":[{\"@type\":\"ReadAction\",\"target\":[\"https:\\\/\\\/litoral.uk\\\/quem-somos\\\/\"]}]},{\"@type\":\"BreadcrumbList\",\"@id\":\"https:\\\/\\\/litoral.uk\\\/quem-somos\\\/#breadcrumb\",\"itemListElement\":[{\"@type\":\"ListItem\",\"position\":1,\"name\":\"In\u00edcio\",\"item\":\"https:\\\/\\\/litoral.uk\\\/\"},{\"@type\":\"ListItem\",\"position\":2,\"name\":\"Quem Somos\"}]},{\"@type\":\"WebSite\",\"@id\":\"https:\\\/\\\/litoral.uk\\\/#website\",\"url\":\"https:\\\/\\\/litoral.uk\\\/\",\"name\":\"Litoral Distribuidora\",\"description\":\"Fornecendo Qualidade e Tecnologia\",\"publisher\":{\"@id\":\"https:\\\/\\\/litoral.uk\\\/#organization\"},\"potentialAction\":[{\"@type\":\"SearchAction\",\"target\":{\"@type\":\"EntryPoint\",\"urlTemplate\":\"https:\\\/\\\/litoral.uk\\\/?s={search_term_string}\"},\"query-input\":{\"@type\":\"PropertyValueSpecification\",\"valueRequired\":true,\"valueName\":\"search_term_string\"}}],\"inLanguage\":\"en-US\"},{\"@type\":\"Organization\",\"@id\":\"https:\\\/\\\/litoral.uk\\\/#organization\",\"name\":\"Litoral Distribuidora\",\"url\":\"https:\\\/\\\/litoral.uk\\\/\",\"logo\":{\"@type\":\"ImageObject\",\"inLanguage\":\"en-US\",\"@id\":\"https:\\\/\\\/litoral.uk\\\/#\\\/schema\\\/logo\\\/image\\\/\",\"url\":\"https:\\\/\\\/litoraldistribuidora.net\\\/wp-content\\\/uploads\\\/2013\\\/01\\\/cropped-logo-2013-lv.png\",\"contentUrl\":\"https:\\\/\\\/litoraldistribuidora.net\\\/wp-content\\\/uploads\\\/2013\\\/01\\\/cropped-logo-2013-lv.png\",\"width\":1000,\"height\":200,\"caption\":\"Litoral Distribuidora\"},\"image\":{\"@id\":\"https:\\\/\\\/litoral.uk\\\/#\\\/schema\\\/logo\\\/image\\\/\"}}]}<\/script>\n<!-- \/ Yoast SEO plugin. -->","yoast_head_json":{"title":"Who We Are - Litoral Distribuidora","robots":{"index":"index","follow":"follow","max-snippet":"max-snippet:-1","max-image-preview":"max-image-preview:large","max-video-preview":"max-video-preview:-1"},"canonical":"https:\/\/litoral.uk\/en\/quem-somos\/","og_locale":"en_US","og_type":"article","og_title":"Quem Somos - Litoral Distribuidora","og_description":"A Litoral Distribuidora \u00e9 uma empresa com sede na cidade de Cabedelo na Para\u00edba, tendo como objetivo disponibilizar para o mercado local e regional, os melhores produtos nas \u00e1reas as quais atua, tendo atrav\u00e9s de seus fornecedores a capacidade de disponibilizar para seus clientes o melhores produtos nacionais e importados. MISS\u00c3O Disponibilizar para o mercado&hellip;","og_url":"https:\/\/litoral.uk\/en\/quem-somos\/","og_site_name":"Litoral Distribuidora","article_modified_time":"2016-07-28T22:31:03+00:00","twitter_misc":{"Est. reading time":"1 minute"},"schema":{"@context":"https:\/\/schema.org","@graph":[{"@type":"WebPage","@id":"https:\/\/litoral.uk\/quem-somos\/","url":"https:\/\/litoral.uk\/quem-somos\/","name":"Who We Are - Litoral Distribuidora","isPartOf":{"@id":"https:\/\/litoral.uk\/#website"},"datePublished":"2013-01-02T14:35:13+00:00","dateModified":"2016-07-28T22:31:03+00:00","breadcrumb":{"@id":"https:\/\/litoral.uk\/quem-somos\/#breadcrumb"},"inLanguage":"en-US","potentialAction":[{"@type":"ReadAction","target":["https:\/\/litoral.uk\/quem-somos\/"]}]},{"@type":"BreadcrumbList","@id":"https:\/\/litoral.uk\/quem-somos\/#breadcrumb","itemListElement":[{"@type":"ListItem","position":1,"name":"In\u00edcio","item":"https:\/\/litoral.uk\/"},{"@type":"ListItem","position":2,"name":"Quem Somos"}]},{"@type":"WebSite","@id":"https:\/\/litoral.uk\/#website","url":"https:\/\/litoral.uk\/","name":"Litoral Distributor","description":"Providing Quality and Technology","publisher":{"@id":"https:\/\/litoral.uk\/#organization"},"potentialAction":[{"@type":"SearchAction","target":{"@type":"EntryPoint","urlTemplate":"https:\/\/litoral.uk\/?s={search_term_string}"},"query-input":{"@type":"PropertyValueSpecification","valueRequired":true,"valueName":"search_term_string"}}],"inLanguage":"en-US"},{"@type":"Organization","@id":"https:\/\/litoral.uk\/#organization","name":"Litoral Distributor","url":"https:\/\/litoral.uk\/","logo":{"@type":"ImageObject","inLanguage":"en-US","@id":"https:\/\/litoral.uk\/#\/schema\/logo\/image\/","url":"https:\/\/litoraldistribuidora.net\/wp-content\/uploads\/2013\/01\/cropped-logo-2013-lv.png","contentUrl":"https:\/\/litoraldistribuidora.net\/wp-content\/uploads\/2013\/01\/cropped-logo-2013-lv.png","width":1000,"height":200,"caption":"Litoral Distribuidora"},"image":{"@id":"https:\/\/litoral.uk\/#\/schema\/logo\/image\/"}}]}},"_links":{"self":[{"href":"https:\/\/litoral.uk\/en\/wp-json\/wp\/v2\/pages\/2","targetHints":{"allow":["GET"]}}],"collection":[{"href":"https:\/\/litoral.uk\/en\/wp-json\/wp\/v2\/pages"}],"about":[{"href":"https:\/\/litoral.uk\/en\/wp-json\/wp\/v2\/types\/page"}],"author":[{"embeddable":true,"href":"https:\/\/litoral.uk\/en\/wp-json\/wp\/v2\/users\/1"}],"replies":[{"embeddable":true,"href":"https:\/\/litoral.uk\/en\/wp-json\/wp\/v2\/comments?post=2"}],"version-history":[{"count":12,"href":"https:\/\/litoral.uk\/en\/wp-json\/wp\/v2\/pages\/2\/revisions"}],"predecessor-version":[{"id":178,"href":"https:\/\/litoral.uk\/en\/wp-json\/wp\/v2\/pages\/2\/revisions\/178"}],"wp:attachment":[{"href":"https:\/\/litoral.uk\/en\/wp-json\/wp\/v2\/media?parent=2"}],"curies":[{"name":"wp","href":"https:\/\/api.w.org\/{rel}","templated":true}]}}